{"id":11263,"date":"2025-12-18T10:06:05","date_gmt":"2025-12-18T10:06:05","guid":{"rendered":"https:\/\/loshaitisesparktours.com\/?post_type=product&#038;p=11263"},"modified":"2026-01-05T17:05:40","modified_gmt":"2026-01-05T17:05:40","slug":"-44","status":"publish","type":"product","link":"https:\/\/loshaitisesparktours.com\/de\/tour\/-44\/","title":{"rendered":"Punta Cana: Los Haitises Wanderung &amp; Kajakfahren Mangroven"},"content":{"rendered":"<h2>Punta Cana: Los Haitises Wanderung &amp; Kajaktour durch Mangroven<\/h2>\n<p>Diese Wander- und Kajaktour startet von Punta Cana mit einem Transfer von den Hotels. Danach erreichen wir den Park, wo wir etwa 2 Stunden durch den Feuchtwald im Nationalpark Los Haitises wandern werden. Sie lernen die Heilpflanzen dieser Gegend kennen, sehen die Tieflandw\u00e4lder und prim\u00e4ren und sekund\u00e4ren Berglandschaften des Nationalparks Los Haitises.<\/p>\n<p>Dann nehmen wir die f\u00fcr Ihre Sicherheit erforderliche Ausr\u00fcstung (Rettungswesten usw.), Kajaks und fahren durch Mangrovens\u00fcmpfe. Sie werden vogelreiche Mangroven und sanfte H\u00fcgel \u00fcppiger Vegetation sehen. Durch die Mangroven fahren wir zur offenen Bucht von San Lorenzo, von wo aus Sie die raue Waldlandschaft fotografieren k\u00f6nnen.<\/p>\n<p>Mittagessen mit Einheimischen, um zu Ihrem Hotel in Punta Cana zur\u00fcckzukehren<\/p>","protected":false},"excerpt":{"rendered":"<div data-track=\"overview\" data-v-83a2b402=\"\">\n<section id=\"activity-overview\" class=\"activity-overview\" data-component=\"overview\" data-v-83a2b402=\"\" data-v-f3236c42=\"\">\n<p class=\"activity-overview__content\" data-test-id=\"activity-overview-content\" data-v-f3236c42=\"\">Erkunden Sie Los Haitises von Punta Cana aus. Bequeme Busfahrt, Kajakfahren in Los Haitises und Wandern im Regenwald an einem Tag!<\/p>\n<\/section>\n<\/div>\n<div data-track=\"key-details\" data-v-83a2b402=\"\"><\/div>","protected":false},"featured_media":11555,"template":"","meta":[],"product_brand":[],"product_cat":[97],"product_tag":[101,102],"class_list":{"0":"post-11263","1":"product","2":"type-product","3":"status-publish","4":"has-post-thumbnail","6":"product_cat-dominican-republic","7":"product_tag-excursion","8":"product_tag-tour","10":"first","11":"instock","12":"sale","13":"shipping-taxable","14":"product-type-external"},"_links":{"self":[{"href":"https:\/\/loshaitisesparktours.com\/de\/wp-json\/wp\/v2\/product\/11263","targetHints":{"allow":["GET"]}}],"collection":[{"href":"https:\/\/loshaitisesparktours.com\/de\/wp-json\/wp\/v2\/product"}],"about":[{"href":"https:\/\/loshaitisesparktours.com\/de\/wp-json\/wp\/v2\/types\/product"}],"wp:featuredmedia":[{"embeddable":true,"href":"https:\/\/loshaitisesparktours.com\/de\/wp-json\/wp\/v2\/media\/11555"}],"wp:attachment":[{"href":"https:\/\/loshaitisesparktours.com\/de\/wp-json\/wp\/v2\/media?parent=11263"}],"wp:term":[{"taxonomy":"product_brand","embeddable":true,"href":"https:\/\/loshaitisesparktours.com\/de\/wp-json\/wp\/v2\/product_brand?post=11263"},{"taxonomy":"product_cat","embeddable":true,"href":"https:\/\/loshaitisesparktours.com\/de\/wp-json\/wp\/v2\/product_cat?post=11263"},{"taxonomy":"product_tag","embeddable":true,"href":"https:\/\/loshaitisesparktours.com\/de\/wp-json\/wp\/v2\/product_tag?post=11263"}],"curies":[{"name":"wp","href":"https:\/\/api.w.org\/{rel}","templated":true}]}}