{"id":13614,"date":"2025-12-18T11:40:17","date_gmt":"2025-12-18T11:40:17","guid":{"rendered":"https:\/\/loshaitisesparktours.com\/?post_type=product&#038;p=13614"},"modified":"2026-02-11T11:02:57","modified_gmt":"2026-02-11T11:02:57","slug":"ausflug-kolonialstadt-kolon-leuchtturm-und-3-augen-park","status":"publish","type":"product","link":"https:\/\/loshaitisesparktours.com\/de\/tour\/ausflug-kolonialstadt-kolon-leuchtturm-und-3-augen-park\/","title":{"rendered":"Exkursion: Kolonialstadt, Col\u00f3n-Leuchtturm und 3-Augen-Park"},"content":{"rendered":"<p>In diesem Erlebnis werden wir jeden symboltr\u00e4chtigen Punkt des Touristengebiets von Santo Domingo gr\u00fcndlich bereisen und detaillierte Informationen liefern sowie uns die n\u00f6tige Zeit daf\u00fcr nehmen.<\/p>\n<p>PARADE IM PARK COLON<\/p>\n<p>Wir beginnen unsere Reise im Col\u00f3n-Park, dem Epizentrum der Kolonialstadt und einem zentralen Erholungsgebiet. Hier finden Sie eine reiche Konzentration bemerkenswerter Monumente, wie die Primada de Am\u00e9rica Kathedrale, das erste Rathaus von Santo Domingo, die malerische Stra\u00dfe El Conde, ber\u00fchmte Restaurants, Gesch\u00e4fte und viele andere Attraktionen. Im Herzen dieses Parks steht eine Statue von Christoph Kolumbus, die 1887 vom talentierten franz\u00f6sischen Bildhauer Ernesto Gilbert errichtet wurde.<\/p>\n<p>Parade in der Kathedrale Primada de Am\u00e9rica<\/p>\n<p>Diese Kathedrale und Basilika minor im Kolonialviertel Santo Domingo in der Dominikanischen Republik ist der Heiligen Maria der Verk\u00fcndigung geweiht, die auch als Verk\u00fcndigung des Herrn bekannt ist. Offiziell tr\u00e4gt sie den Namen Santa Iglesia Catedral Metropolitana Bas\u00edlica de Nuestra Se\u00f1ora de la Encarnaci\u00f3n y Anunciaci\u00f3n. Sie befindet sich an der Kreuzung der Stra\u00dfen Arzobispo Meri\u00f1o und Isabel la Cat\u00f3lica, in der N\u00e4he des Parque Col\u00f3n, mit ihrem Haupteingang nach Westen ausgerichtet, gegen\u00fcber der Stra\u00dfe Arzobispo Meri\u00f1o, nahe der Ecke mit der Stra\u00dfe Arzobispo Nouel.<\/p>\n<p>Parade im Pante\u00f3n Nacional:<\/p>\n<p>Das Nationaldenkmal ist ein Ort, der als Mausoleum dient, wo die sterblichen \u00dcberreste bedeutender Pers\u00f6nlichkeiten in der Geschichte der Dominikanischen Republik aufbewahrt werden. Dieses Geb\u00e4ude verf\u00fcgt \u00fcber etwa 36 leere Pl\u00e4tze, die f\u00fcr die Aufnahme der sterblichen \u00dcberreste zuk\u00fcnftiger Nationalhelden vorgesehen sind. Dar\u00fcber hinaus gibt es einen Platz ohne spezifische Tafel zu Ehren des unbekannten Soldaten.<\/p>\n<p>Besuch im Museum der K\u00f6niglichen H\u00e4user:<\/p>\n<p>Das Museum der K\u00f6niglichen H\u00e4user, fr\u00fcher bekannt als K\u00f6nigliche Pal\u00e4ste zur Zeit der Generalkapit\u00e4nschaft und der Provinz, befindet sich in zwei Pal\u00e4sten aus dem 16. Jahrhundert. Es wurde im Auftrag der Krone von Kastilien unter der Herrschaft von Ferdinand II. von Aragonien erbaut.<\/p>\n<p>Stopp im Alc\u00e1zar de Col\u00f3n<\/p>\n<p>Der Alc\u00e1zar de Col\u00f3n wurde zwischen 1511 und 1514 errichtet, inspiriert vom Entwurf einer bereits existierenden Burg in Mancera de Abajo, Salamanca (Spanien), von der noch Ruinen erhalten sind.<\/p>\n<p>Halt im Leuchtturm nach Doppelpunkt:<\/p>\n<p>Dieses Monument hat eine kreuzf\u00f6rmige Gestalt, die die Christianisierung Amerikas symbolisiert und ungef\u00e4hre Abmessungen von 800 Metern L\u00e4nge und 36,5 Metern H\u00f6he aufweist. Es wurde behauptet, dass sich an diesem Ort die \u00dcberreste von Admiral Christoph Kolumbus befinden, obwohl genetische Analysen gezeigt haben, dass diese Aussage falsch ist, da die \u00dcberreste von Kolumbus in der Kathedrale von Sevilla sind.<\/p>\n<p>Stopp im Nationalpark Los Tres Ojos:<\/p>\n<div class=\"toggle-content__content toggle-content__content--expanded toggle-content__content--packable\" data-v-59485d64=\"\">\n<div data-test-id=\"activity-full-description-text\" data-v-5835c99c=\"\">Dieser Nationalpark beherbergt eines der eher erhaltenen Naturgeheimnisse der Stadt, zu dem vier verschiedene Seen geh\u00f6ren: der Schwefelsee, die K\u00fchltruhe, die Damen und die Salamaramagullones.<\/div>\n<\/div>\n<div class=\"toggle-content__label-placeholder\" data-v-59485d64=\"\"><\/div>","protected":false},"excerpt":{"rendered":"<div data-track=\"overview\" data-v-83a2b402=\"\">\n<section id=\"activity-overview\" class=\"activity-overview\" data-component=\"overview\" data-v-83a2b402=\"\" data-v-f3236c42=\"\">\n<p class=\"activity-overview__content\" data-test-id=\"activity-overview-content\" data-v-f3236c42=\"\">Tauchen Sie ein in den kulturellen und historischen Reichtum von Santo Domingo bei dieser halbt\u00e4gigen Tour durch die Hauptstadt. Begleiten Sie Ihren Reiseleiter bei der Erkundung der bedeutendsten Monumente der Kolonialstadt.<\/p>\n<\/section>\n<\/div>\n<div data-track=\"key-details\" data-v-83a2b402=\"\"><\/div>","protected":false},"featured_media":13895,"template":"","meta":[],"product_brand":[],"product_cat":[97],"product_tag":[101,102],"class_list":{"0":"post-13614","1":"product","2":"type-product","3":"status-publish","4":"has-post-thumbnail","6":"product_cat-dominican-republic","7":"product_tag-excursion","8":"product_tag-tour","10":"first","11":"instock","12":"shipping-taxable","13":"product-type-external"},"_links":{"self":[{"href":"https:\/\/loshaitisesparktours.com\/de\/wp-json\/wp\/v2\/product\/13614","targetHints":{"allow":["GET"]}}],"collection":[{"href":"https:\/\/loshaitisesparktours.com\/de\/wp-json\/wp\/v2\/product"}],"about":[{"href":"https:\/\/loshaitisesparktours.com\/de\/wp-json\/wp\/v2\/types\/product"}],"wp:featuredmedia":[{"embeddable":true,"href":"https:\/\/loshaitisesparktours.com\/de\/wp-json\/wp\/v2\/media\/13895"}],"wp:attachment":[{"href":"https:\/\/loshaitisesparktours.com\/de\/wp-json\/wp\/v2\/media?parent=13614"}],"wp:term":[{"taxonomy":"product_brand","embeddable":true,"href":"https:\/\/loshaitisesparktours.com\/de\/wp-json\/wp\/v2\/product_brand?post=13614"},{"taxonomy":"product_cat","embeddable":true,"href":"https:\/\/loshaitisesparktours.com\/de\/wp-json\/wp\/v2\/product_cat?post=13614"},{"taxonomy":"product_tag","embeddable":true,"href":"https:\/\/loshaitisesparktours.com\/de\/wp-json\/wp\/v2\/product_tag?post=13614"}],"curies":[{"name":"wp","href":"https:\/\/api.w.org\/{rel}","templated":true}]}}