{"id":15897,"date":"2025-12-18T13:26:21","date_gmt":"2025-12-18T13:26:21","guid":{"rendered":"https:\/\/loshaitisesparktours.com\/?post_type=product&#038;p=15897"},"modified":"2026-02-14T03:00:46","modified_gmt":"2026-02-14T03:00:46","slug":"3-in-1-los-haitises-w-montana-redonda-yanigua-wasserfalle","status":"publish","type":"product","link":"https:\/\/loshaitisesparktours.com\/de\/tour\/3-in-1-los-haitises-w-montana-redonda-yanigua-wasserfalle\/","title":{"rendered":"3-in-1: Los Haitises mit Monta\u00f1a Redonda und Yanigua-Wasserf\u00e4llen"},"content":{"rendered":"<p>Sind Sie auf der Suche nach einem unvergesslichen Ausflug, um die Natursch\u00f6nheiten der Dominikanischen Republik zu erkunden? Dann ist unsere Drei-in-Eins-Tour ab Punta Cana genau das Richtige f\u00fcr Sie. Sie f\u00fchrt Sie zu drei unglaublichen Zielen, die Ihnen den Atem rauben werden.<\/p>\n<p>Als erste Station auf dem Programm steht die Round Mountain (auf Spanisch Monta\u00f1a Redonda): ein Muss in der Dominikanischen Republik wegen ihrer atemberaubenden nat\u00fcrlichen Sch\u00f6nheit. An der K\u00fcste von Miches, in der Provinz El Seibo, liegt dieser Ort zwischen der beeindruckenden Laguna Rinc\u00f3n und der Laguna Redonda. Auf einer H\u00f6he von rund 300 Metern bietet die Monta\u00f1a Redonda einen majest\u00e4tischen 360-Grad-Blick \u00fcber die Umgebung. Von dort aus k\u00f6nnen Sie die malerische Bah\u00eda de Saman\u00e1 bewundern, die Laguna Redonda, El Lim\u00f3n, Miches und El Seibo. Vergessen Sie nicht, ein unvergessliches Foto auf der \u00abber\u00fchmtesten Schaukel\u00bb des ganzen Landes zu machen.<\/p>\n<p>Als N\u00e4chstes steht der Nationalpark Los Haitises auf dem Programm, ein unber\u00fchrtes Gebiet, in dem Sie die rohe Sch\u00f6nheit der Naturlandschaften der Dominikanischen Republik entdecken k\u00f6nnen. Von \u00fcppigen Mangroven und Dschungeln bis hin zu faszinierenden arch\u00e4ologischen St\u00e4tten, die in H\u00f6hlen verborgen sind, ist dieser Park ein wahres Naturwunder. Halten Sie die Augen offen f\u00fcr seltene Vogelarten, die Sie nirgendwo sonst auf der Welt finden werden.<\/p>\n<p>Zuletzt besuchen Sie die Yanigua Ranch Wasserf\u00e4lle. Dieser spektakul\u00e4re Wasserfall ist eine ideale Flucht vor dem Trubel der Touristenmassen von Punta Cana und ist von dichter Vegetation umgeben, die den Eindruck erweckt, meilenweit von der Zivilisation entfernt zu sein, obwohl dies nicht der Fall ist.<\/p>\n<p>Verpassen Sie nicht diesen unglaublichen \u00d6kotourismus-Ausflug, der die besten Naturwunder der Dominikanischen Republik hervorhebt. Von perfekt kuratierten Orten wie Round Mountain bis hin zu unber\u00fchrter Wildnis wie dem Nationalpark Los Haitises und kontrollierter Natur auf der Yanigua Ranch bietet diese Tour f\u00fcr jeden etwas.<\/p>\n<p>Ein typisches dominikanisches Mittagessen wird ebenso angeboten wie der Transport von Ihrem Hotel. Wenn Sie in einem Airbnb wohnen, gibt es einen nahegelegenen Abholort.<\/p>","protected":false},"excerpt":{"rendered":"<div data-track=\"overview\" data-v-83a2b402=\"\">\n<section id=\"activity-overview\" class=\"activity-overview\" data-component=\"overview\" data-v-83a2b402=\"\" data-v-f3236c42=\"\">\n<p class=\"activity-overview__content\" data-test-id=\"activity-overview-content\" data-v-f3236c42=\"\">Erleben Sie einen unvergesslichen 3-in-1-\u00d6kotourismus-Ausflug zum Round Mountain, zum Nationalpark Los Haitises und zu den bezaubernden Yanigua Ranch Wasserf\u00e4llen, der die nat\u00fcrliche Sch\u00f6nheit des Landes zeigt.<\/p>\n<\/section>\n<\/div>\n<div data-track=\"key-details\" data-v-83a2b402=\"\"><\/div>","protected":false},"featured_media":16104,"template":"","meta":[],"product_brand":[],"product_cat":[97],"product_tag":[101,102],"class_list":{"0":"post-15897","1":"product","2":"type-product","3":"status-publish","4":"has-post-thumbnail","6":"product_cat-dominican-republic","7":"product_tag-excursion","8":"product_tag-tour","10":"first","11":"instock","12":"shipping-taxable","13":"product-type-external"},"_links":{"self":[{"href":"https:\/\/loshaitisesparktours.com\/de\/wp-json\/wp\/v2\/product\/15897","targetHints":{"allow":["GET"]}}],"collection":[{"href":"https:\/\/loshaitisesparktours.com\/de\/wp-json\/wp\/v2\/product"}],"about":[{"href":"https:\/\/loshaitisesparktours.com\/de\/wp-json\/wp\/v2\/types\/product"}],"wp:featuredmedia":[{"embeddable":true,"href":"https:\/\/loshaitisesparktours.com\/de\/wp-json\/wp\/v2\/media\/16104"}],"wp:attachment":[{"href":"https:\/\/loshaitisesparktours.com\/de\/wp-json\/wp\/v2\/media?parent=15897"}],"wp:term":[{"taxonomy":"product_brand","embeddable":true,"href":"https:\/\/loshaitisesparktours.com\/de\/wp-json\/wp\/v2\/product_brand?post=15897"},{"taxonomy":"product_cat","embeddable":true,"href":"https:\/\/loshaitisesparktours.com\/de\/wp-json\/wp\/v2\/product_cat?post=15897"},{"taxonomy":"product_tag","embeddable":true,"href":"https:\/\/loshaitisesparktours.com\/de\/wp-json\/wp\/v2\/product_tag?post=15897"}],"curies":[{"name":"wp","href":"https:\/\/api.w.org\/{rel}","templated":true}]}}