{"id":10661,"date":"2025-12-18T09:42:25","date_gmt":"2025-12-18T09:42:25","guid":{"rendered":"https:\/\/loshaitisesparktours.com\/?post_type=product&#038;p=10661"},"modified":"2026-02-14T05:28:30","modified_gmt":"2026-02-14T05:28:30","slug":"republica-dominicana-cascada-el-limon-cabalgata","status":"publish","type":"product","link":"https:\/\/loshaitisesparktours.com\/es\/visita\/republica-dominicana-cascada-el-limon-cabalgata\/","title":{"rendered":"Rep\u00fablica Dominicana: Excursi\u00f3n a Caballo Cascada El Lim\u00f3n"},"content":{"rendered":"<div class=\"toggle-content__content toggle-content__content--expanded toggle-content__content--packable\" data-v-59485d64=\"\">\n<div data-test-id=\"activity-full-description-text\" data-v-5835c99c=\"\">\n<div class=\"woocommerce-product-details__short-description\">\n<div data-track=\"overview\" data-v-83a2b402=\"\">\n<section id=\"activity-overview\" class=\"activity-overview\" data-component=\"overview\" data-v-83a2b402=\"\" data-v-f3236c42=\"\">\n<p data-test-id=\"activity-overview-content\" data-v-f3236c42=\"\"><strong>Rep\u00fablica Dominicana: Excursi\u00f3n a Caballo Cascada El Lim\u00f3n<\/strong><\/p>\n<p class=\"activity-overview__content\" data-test-id=\"activity-overview-content\" data-v-f3236c42=\"\">Disfruta de un paseo a caballo hasta la cascada El Lim\u00f3n. Cabalga a trav\u00e9s del bosque tropical y paisajes campestres, y admira la belleza natural de la cascada.<\/p>\n<\/section>\n<\/div>\n<\/div>\n<\/div>\n<div data-test-id=\"activity-full-description-text\" data-v-5835c99c=\"\">Disfruta de una excursi\u00f3n inolvidable a las hermosas aguas cristalinas de la cascada El Lim\u00f3n. Cabalga a caballo mientras te adentras en los impresionantes paisajes rurales de los bosques tropicales y realizas el ascenso de 60 metros al acercarte a la cascada. En la cascada, admira la belleza natural y sum\u00e9rgete en una refrescante piscina natural mientras sientes la fuerza de las aguas. Al regresar, disfruta de un delicioso almuerzo t\u00edpico dominicano y ten la oportunidad de comprar recuerdos t\u00edpicos dominicanos de Mamajuana.<\/div>\n<div data-test-id=\"activity-full-description-text\" data-v-5835c99c=\"\"><\/div>\n<div data-test-id=\"activity-full-description-text\" data-v-5835c99c=\"\">Re\u00fanete con tu gu\u00eda en el punto de encuentro y comienza tu aventura. Monta a caballo y ad\u00e9ntrate en los impresionantes paisajes rurales, recorre los incre\u00edbles paisajes hasta acercarte a la cascada Salto El Lim\u00f3n. Emprende una impactante escalada de 60 metros.<\/div>\n<div data-test-id=\"activity-full-description-text\" data-v-5835c99c=\"\">D\u00e9jate sorprender por su inmensurable belleza, rodeado de un bosque tropical seco y naciente, sum\u00e9rgete en una refrescante piscina natural. Siente la ferocidad de sus aguas cristalinas al caer en una cascada espectacular.<\/div>\n<div data-test-id=\"activity-full-description-text\" data-v-5835c99c=\"\"><\/div>\n<div data-test-id=\"activity-full-description-text\" data-v-5835c99c=\"\">Despu\u00e9s de tu aventura, disfruta de un delicioso almuerzo t\u00edpico dominicano y ten la oportunidad de comprar souvenirs t\u00edpicos de mamajuana dominicana.<\/div>\n<\/div>\n<div class=\"toggle-content__label-placeholder\" data-v-59485d64=\"\"><\/div>","protected":false},"excerpt":{"rendered":"<div data-track=\"overview\" data-v-83a2b402=\"\">\n<section id=\"activity-overview\" class=\"activity-overview\" data-component=\"overview\" data-v-83a2b402=\"\" data-v-f3236c42=\"\">\n<p class=\"activity-overview__content\" data-test-id=\"activity-overview-content\" data-v-f3236c42=\"\">Disfruta de un paseo a caballo hasta la cascada El Lim\u00f3n. Cabalga a trav\u00e9s del bosque tropical y paisajes campestres, y admira la belleza natural de la cascada.<\/p>\n<\/section>\n<\/div>\n<div data-track=\"key-details\" data-v-83a2b402=\"\"><\/div>","protected":false},"featured_media":10951,"template":"","meta":[],"product_brand":[],"product_cat":[97],"product_tag":[101,102],"class_list":{"0":"post-10661","1":"product","2":"type-product","3":"status-publish","4":"has-post-thumbnail","6":"product_cat-dominican-republic","7":"product_tag-excursion","8":"product_tag-tour","10":"first","11":"instock","12":"sale","13":"shipping-taxable","14":"product-type-external"},"_links":{"self":[{"href":"https:\/\/loshaitisesparktours.com\/es\/wp-json\/wp\/v2\/product\/10661","targetHints":{"allow":["GET"]}}],"collection":[{"href":"https:\/\/loshaitisesparktours.com\/es\/wp-json\/wp\/v2\/product"}],"about":[{"href":"https:\/\/loshaitisesparktours.com\/es\/wp-json\/wp\/v2\/types\/product"}],"wp:featuredmedia":[{"embeddable":true,"href":"https:\/\/loshaitisesparktours.com\/es\/wp-json\/wp\/v2\/media\/10951"}],"wp:attachment":[{"href":"https:\/\/loshaitisesparktours.com\/es\/wp-json\/wp\/v2\/media?parent=10661"}],"wp:term":[{"taxonomy":"product_brand","embeddable":true,"href":"https:\/\/loshaitisesparktours.com\/es\/wp-json\/wp\/v2\/product_brand?post=10661"},{"taxonomy":"product_cat","embeddable":true,"href":"https:\/\/loshaitisesparktours.com\/es\/wp-json\/wp\/v2\/product_cat?post=10661"},{"taxonomy":"product_tag","embeddable":true,"href":"https:\/\/loshaitisesparktours.com\/es\/wp-json\/wp\/v2\/product_tag?post=10661"}],"curies":[{"name":"wp","href":"https:\/\/api.w.org\/{rel}","templated":true}]}}