{"id":18132,"date":"2025-12-18T15:08:17","date_gmt":"2025-12-18T15:08:17","guid":{"rendered":"https:\/\/loshaitisesparktours.com\/?post_type=product&#038;p=18132"},"modified":"2026-02-14T02:00:48","modified_gmt":"2026-02-14T02:00:48","slug":"-402","status":"publish","type":"product","link":"https:\/\/loshaitisesparktours.com\/fr\/tournee\/-402\/","title":{"rendered":"Salto de la Jalda - Aventure \u00e9questre et randonn\u00e9e depuis Miches"},"content":{"rendered":"<h2>Salto de la Jalda - Aventure \u00e9questre et randonn\u00e9e depuis Miches<\/h2>\n<p>Embarquez pour une aventure exaltante vers le Salto de la Jalda, la plus haute cascade des Cara\u00efbes, nich\u00e9e au c\u0153ur de la nature luxuriante de la R\u00e9publique Dominicaine. Votre voyage commence par une agr\u00e9able promenade \u00e0 cheval, o\u00f9 vous traverserez des paysages tropicaux luxuriants orn\u00e9s d'une flore vibrante et des sons m\u00e9lodieux de la nature. Alors que vous parcourez cet environnement magnifique, l'anticipation monte pour le spectacle \u00e0 couper le souffle qui vous attend.<\/p>\n<p>Apr\u00e8s la balade \u00e0 cheval, pr\u00e9parez-vous \u00e0 une randonn\u00e9e vivifiante le long de sentiers sinueux qui vous m\u00e8nent plus profond\u00e9ment au c\u0153ur de la jungle. L'air est charg\u00e9 de l'odeur de la terre riche et des fleurs \u00e9panouies alors que vous naviguez \u00e0 travers les ombres projet\u00e9es par les arbres imposants. Enfin, vous arriverez \u00e0 la majestueuse cascade, tombant \u00e9l\u00e9gamment sur des falaises rocheuses, ses eaux cristallines captant la lumi\u00e8re du soleil et cr\u00e9ant un spectacle hypnotisant d'arcs-en-ciel.<\/p>\n<p>Prenez un moment pour vous d\u00e9tendre et laissez la brume fra\u00eeche vous envelopper pendant que vous vous relaxez dans les piscines naturelles form\u00e9es au pied de la cascade. Ici, vous pouvez vous baigner dans les eaux rafra\u00eechissantes et vous immerger pleinement dans la beaut\u00e9 intacte de ce joyau cach\u00e9, entour\u00e9 par le bruit de l'eau qui coule et le murmure du vent \u00e0 travers les feuilles \u2014 une exp\u00e9rience vraiment inoubliable.<\/p>\n<p><span style=\"box-sizing: border-box; margin: 0px; padding: 0px;\"><strong>prise en charge \u00e0 l'h\u00f4tel Miches<\/strong>\u00a0\u2013 8<strong>:00. Profitez d'un<\/strong>\u00a0<strong>d\u00e9jeuner local <\/strong>pour vous ressourcer avec un d\u00e9licieux repas dominicain apr\u00e8s votre aventure.\u00a0<strong>Transport priv\u00e9<\/strong> est assur\u00e9 pour un service aller-retour sans tracas depuis votre h\u00f4tel \u00e0 Miches.\u00a0<\/span><\/p>","protected":false},"excerpt":{"rendered":"<p>Salto de la Jalda \u2013 Horseback &amp; Hiking Adventure From Miches Embark on an exhilarating adventure to Salto de la Jalda, the tallest waterfall in the Caribbean, nestled deep within the vibrant wilderness of the Dominican Republic. Your journey begins with a delightful horseback ride, where you&#8217;ll traverse lush tropical landscapes adorned with vibrant flora [&hellip;]<\/p>\n","protected":false},"featured_media":16937,"template":"","meta":[],"product_brand":[],"product_cat":[97,230],"product_tag":[],"class_list":{"0":"post-18132","1":"product","2":"type-product","3":"status-publish","4":"has-post-thumbnail","6":"product_cat-dominican-republic","7":"product_cat-miches","9":"first","10":"instock","11":"sale","12":"shipping-taxable","13":"product-type-external"},"_links":{"self":[{"href":"https:\/\/loshaitisesparktours.com\/fr\/wp-json\/wp\/v2\/product\/18132","targetHints":{"allow":["GET"]}}],"collection":[{"href":"https:\/\/loshaitisesparktours.com\/fr\/wp-json\/wp\/v2\/product"}],"about":[{"href":"https:\/\/loshaitisesparktours.com\/fr\/wp-json\/wp\/v2\/types\/product"}],"wp:featuredmedia":[{"embeddable":true,"href":"https:\/\/loshaitisesparktours.com\/fr\/wp-json\/wp\/v2\/media\/16937"}],"wp:attachment":[{"href":"https:\/\/loshaitisesparktours.com\/fr\/wp-json\/wp\/v2\/media?parent=18132"}],"wp:term":[{"taxonomy":"product_brand","embeddable":true,"href":"https:\/\/loshaitisesparktours.com\/fr\/wp-json\/wp\/v2\/product_brand?post=18132"},{"taxonomy":"product_cat","embeddable":true,"href":"https:\/\/loshaitisesparktours.com\/fr\/wp-json\/wp\/v2\/product_cat?post=18132"},{"taxonomy":"product_tag","embeddable":true,"href":"https:\/\/loshaitisesparktours.com\/fr\/wp-json\/wp\/v2\/product_tag?post=18132"}],"curies":[{"name":"wp","href":"https:\/\/api.w.org\/{rel}","templated":true}]}}